{"id":23,"date":"2021-04-23T08:58:34","date_gmt":"2021-04-23T06:58:34","guid":{"rendered":"http:\/\/skyship.aero\/?page_id=23"},"modified":"2021-04-23T09:02:14","modified_gmt":"2021-04-23T07:02:14","slug":"samoloty","status":"publish","type":"page","link":"https:\/\/skyship.aero\/?page_id=23","title":{"rendered":"Samoloty"},"content":{"rendered":"\n<h3>AIRBUS A320<\/h3>\n\n\n\n<p>Pasa\u017cerski samolot \u015bredniego zasi\u0119gu produkowany przez firm\u0119 Airbus. Samolot ten jest bezpo\u015bredni\u0105 odpowiedzi\u0105 europejskiego producenta na ameryka\u0144skiego Boeing 737. Jest najcz\u0119\u015bciej wybieranym samolotem przez tanie linie lotnicze lecz najwi\u0119kszymi jego operatorami s\u0105 tradycyjne linie.<\/p>\n\n\n\n<ul><li>Liczba miejsc: 180<\/li><li>Zasi\u0119g maksymalny: 6000 km<\/li><\/ul>\n\n\n\n<p><\/p>\n\n\n\n<h3>AIRBUS A321<\/h3>\n\n\n\n<p>Samolot pasa\u017cerski \u015bredniego zasi\u0119gu produkowany przez europejskie konsorcjum Airbus (SAS) w Tuluzie. Airbus A321 jest najwi\u0119kszym z serii maszyn Airbus A320 Family oraz najwi\u0119kszym na \u015bwiecie samolotem pasa\u017cerskim \u015bredniego zasi\u0119gu przwo\u017c\u0105cym ok. 200 pasa\u017cer\u00f3w. Airbus A321 jest konkurentem dla ameryka\u0144skiego Boeinga 737-900 i 900ER.<\/p>\n\n\n\n<ul><li>Liczba miejsc: 220<\/li><li>Zasi\u0119g maksymalny: 7400 km<\/li><\/ul>\n\n\n\n<p><\/p>\n\n\n\n<h3>BOEING 767<\/h3>\n\n\n\n<p>Samolot pasa\u017cerski dalekiego zasi\u0119gu konstrukcji ameryka\u0144skiej firmy Boeing.<\/p>\n\n\n\n<ul><li>Liczba miejsc: 181-375\u00a0<\/li><li>Zasi\u0119g maksymalny: 12000 km<\/li><\/ul>\n\n\n\n<p><\/p>\n\n\n\n<h3>BOEING 787 DREAMLINER&nbsp;<\/h3>\n\n\n\n<p>Najnowocze\u015bniejszy samolot pasa\u017cerski dalekiego zasi\u0119gu konstrukcji ameryka\u0144skiej firmy Boeing.<\/p>\n\n\n\n<ul><li>Liczba miejsc: 250-330<\/li><li>Zasi\u0119g maksymalny: 15700km<\/li><\/ul>\n\n\n\n<p><\/p>\n\n\n\n<h3>BOEING 737 -400<\/h3>\n\n\n\n<p>Model ten jest najlepiej sprzedaj\u0105cym si\u0119 samolotem w historii lotnictwa.<\/p>\n\n\n\n<ul><li>Liczba miejsc: 146-188<\/li><li>Zasi\u0119g maksymalny: 3600 km<\/li><\/ul>\n\n\n\n<p><\/p>\n\n\n\n<h3>BOEING 737 \u2013 800<\/h3>\n\n\n\n<p>Model ten jest najlepiej sprzedaj\u0105cym si\u0119 samolotem w historii lotnictwa.<\/p>\n\n\n\n<ul><li>Liczba miejsc: 189<\/li><li>Zasi\u0119g maksymalny: 6000 km<\/li><\/ul>\n\n\n\n<p><\/p>\n\n\n\n<h3>BOMBARDIER Q-400<\/h3>\n\n\n\n<p>Kanadyjski samolot turbo\u015bmig\u0142owy o kr\u00f3tkim zasi\u0119gu idealny dla ma\u0142ych grup na kr\u00f3tkich dystansach.<\/p>\n\n\n\n<ul><li>Liczba miejsc: 60-80<\/li><li>Zasi\u0119g maksymalny: 2500 km<\/li><\/ul>\n\n\n\n<p><\/p>\n\n\n\n<p><\/p>\n","protected":false},"excerpt":{"rendered":"<p>AIRBUS A320 Pasa\u017cerski samolot \u015bredniego zasi\u0119gu produkowany przez firm\u0119 Airbus. Samolot ten jest bezpo\u015bredni\u0105 odpowiedzi\u0105 europejskiego producenta na ameryka\u0144skiego Boeing 737. Jest najcz\u0119\u015bciej wybieranym samolotem przez tanie linie lotnicze lecz najwi\u0119kszymi jego operatorami s\u0105 tradycyjne linie. Liczba miejsc: 180 Zasi\u0119g maksymalny: 6000 km AIRBUS A321 Samolot pasa\u017cerski \u015bredniego zasi\u0119gu produkowany przez europejskie konsorcjum Airbus (SAS) &hellip; <\/p>\n<p class=\"link-more\"><a href=\"https:\/\/skyship.aero\/?page_id=23\" class=\"more-link\">Czytaj dalej<span class=\"screen-reader-text\"> Samoloty<\/span><\/a><\/p>\n","protected":false},"author":1,"featured_media":0,"parent":0,"menu_order":0,"comment_status":"closed","ping_status":"closed","template":"","meta":[],"_links":{"self":[{"href":"https:\/\/skyship.aero\/index.php?rest_route=\/wp\/v2\/pages\/23"}],"collection":[{"href":"https:\/\/skyship.aero\/index.php?rest_route=\/wp\/v2\/pages"}],"about":[{"href":"https:\/\/skyship.aero\/index.php?rest_route=\/wp\/v2\/types\/page"}],"author":[{"embeddable":true,"href":"https:\/\/skyship.aero\/index.php?rest_route=\/wp\/v2\/users\/1"}],"replies":[{"embeddable":true,"href":"https:\/\/skyship.aero\/index.php?rest_route=%2Fwp%2Fv2%2Fcomments&post=23"}],"version-history":[{"count":3,"href":"https:\/\/skyship.aero\/index.php?rest_route=\/wp\/v2\/pages\/23\/revisions"}],"predecessor-version":[{"id":32,"href":"https:\/\/skyship.aero\/index.php?rest_route=\/wp\/v2\/pages\/23\/revisions\/32"}],"wp:attachment":[{"href":"https:\/\/skyship.aero\/index.php?rest_route=%2Fwp%2Fv2%2Fmedia&parent=23"}],"curies":[{"name":"wp","href":"https:\/\/api.w.org\/{rel}","templated":true}]}}