{"id":18,"date":"2021-04-23T08:53:30","date_gmt":"2021-04-23T06:53:30","guid":{"rendered":"http:\/\/skyship.aero\/?page_id=18"},"modified":"2021-04-23T08:55:42","modified_gmt":"2021-04-23T06:55:42","slug":"latanie-to-nasza-pasja","status":"publish","type":"page","link":"https:\/\/skyship.aero\/","title":{"rendered":"Latanie to nasza pasja."},"content":{"rendered":"\n<h3>profesjonalizm<\/h3>\n\n\n\n<h3>lojalno\u015b\u0107<\/h3>\n\n\n\n<h3>elastyczno\u015b\u0107<\/h3>\n\n\n\n<p><\/p>\n\n\n\n<p>To trzy najwa\u017cniejsze cechy, kt\u00f3re sprawi\u0142y, \u017ce dzia\u0142aj\u0105ca nieprzerwanie od 2009 roku firma SKYSHIP.AERO  sta\u0142a si\u0119 liderem bran\u017cy wynajmy oraz czarter\u00f3w samolot\u00f3w. Lata do\u015bwiadcze\u0144, bogata baza kontrahent\u00f3w oraz zami\u0142owanie do lotnictwa sprawiaj\u0105, \u017ce jeste\u015bmy w stanie podj\u0105\u0107 si\u0119 realizacji najbardziej skomplikowanych zlece\u0144 obejmuj\u0105cych organizacj\u0119 czarter\u00f3w samolot\u00f3w pasa\u017cerskich, lot\u00f3w biznesowych oraz VIP. Obs\u0142ugujemy przede wszystkim turyst\u00f3w, grupy incentive, przedstawicieli klub\u00f3w oraz dzia\u0142aczy sportowych.<\/p>\n","protected":false},"excerpt":{"rendered":"<p>profesjonalizm lojalno\u015b\u0107 elastyczno\u015b\u0107 To trzy najwa\u017cniejsze cechy, kt\u00f3re sprawi\u0142y, \u017ce dzia\u0142aj\u0105ca nieprzerwanie od 2009 roku firma SKYSHIP.AERO sta\u0142a si\u0119 liderem bran\u017cy wynajmy oraz czarter\u00f3w samolot\u00f3w. Lata do\u015bwiadcze\u0144, bogata baza kontrahent\u00f3w oraz zami\u0142owanie do lotnictwa sprawiaj\u0105, \u017ce jeste\u015bmy w stanie podj\u0105\u0107 si\u0119 realizacji najbardziej skomplikowanych zlece\u0144 obejmuj\u0105cych organizacj\u0119 czarter\u00f3w samolot\u00f3w pasa\u017cerskich, lot\u00f3w biznesowych oraz VIP. Obs\u0142ugujemy &hellip; <\/p>\n<p class=\"link-more\"><a href=\"https:\/\/skyship.aero\/\" class=\"more-link\">Czytaj dalej<span class=\"screen-reader-text\"> Latanie to nasza pasja.<\/span><\/a><\/p>\n","protected":false},"author":1,"featured_media":0,"parent":0,"menu_order":0,"comment_status":"closed","ping_status":"closed","template":"","meta":[],"_links":{"self":[{"href":"https:\/\/skyship.aero\/index.php?rest_route=\/wp\/v2\/pages\/18"}],"collection":[{"href":"https:\/\/skyship.aero\/index.php?rest_route=\/wp\/v2\/pages"}],"about":[{"href":"https:\/\/skyship.aero\/index.php?rest_route=\/wp\/v2\/types\/page"}],"author":[{"embeddable":true,"href":"https:\/\/skyship.aero\/index.php?rest_route=\/wp\/v2\/users\/1"}],"replies":[{"embeddable":true,"href":"https:\/\/skyship.aero\/index.php?rest_route=%2Fwp%2Fv2%2Fcomments&post=18"}],"version-history":[{"count":3,"href":"https:\/\/skyship.aero\/index.php?rest_route=\/wp\/v2\/pages\/18\/revisions"}],"predecessor-version":[{"id":22,"href":"https:\/\/skyship.aero\/index.php?rest_route=\/wp\/v2\/pages\/18\/revisions\/22"}],"wp:attachment":[{"href":"https:\/\/skyship.aero\/index.php?rest_route=%2Fwp%2Fv2%2Fmedia&parent=18"}],"curies":[{"name":"wp","href":"https:\/\/api.w.org\/{rel}","templated":true}]}}